{"id":302,"date":"2021-03-13T15:21:58","date_gmt":"2021-03-13T15:21:58","guid":{"rendered":"https:\/\/semlexforeducation.com\/?page_id=302"},"modified":"2021-03-13T15:27:14","modified_gmt":"2021-03-13T15:27:14","slug":"application","status":"publish","type":"page","link":"https:\/\/semlexforeducation.com\/en\/application\/","title":{"rendered":"Application"},"content":{"rendered":"[vc_row type=&#8221;in_container&#8221; full_screen_row_position=&#8221;middle&#8221; column_margin=&#8221;default&#8221; column_direction=&#8221;default&#8221; column_direction_tablet=&#8221;default&#8221; column_direction_phone=&#8221;default&#8221; bg_color=&#8221;#4daadf&#8221; scene_position=&#8221;center&#8221; text_color=&#8221;light&#8221; text_align=&#8221;left&#8221; row_border_radius=&#8221;20px&#8221; row_border_radius_applies=&#8221;bg&#8221; class=&#8221;basic-section&#8221; overlay_strength=&#8221;0.3&#8243; gradient_direction=&#8221;left_to_right&#8221; shape_divider_position=&#8221;bottom&#8221; bg_image_animation=&#8221;none&#8221; shape_type=&#8221;&#8221;][vc_column column_padding=&#8221;no-extra-padding&#8221; column_padding_tablet=&#8221;inherit&#8221; column_padding_phone=&#8221;inherit&#8221; column_padding_position=&#8221;all&#8221; background_color_opacity=&#8221;1&#8243; background_hover_color_opacity=&#8221;1&#8243; column_shadow=&#8221;none&#8221; column_border_radius=&#8221;none&#8221; column_link_target=&#8221;_self&#8221; gradient_direction=&#8221;left_to_right&#8221; overlay_strength=&#8221;0.3&#8243; width=&#8221;1\/1&#8243; tablet_width_inherit=&#8221;default&#8221; tablet_text_alignment=&#8221;default&#8221; phone_text_alignment=&#8221;default&#8221; column_border_width=&#8221;none&#8221; column_border_style=&#8221;solid&#8221; bg_image_animation=&#8221;none&#8221;][vc_row_inner column_margin=&#8221;default&#8221; column_direction=&#8221;default&#8221; column_direction_tablet=&#8221;default&#8221; column_direction_phone=&#8221;default&#8221; text_align=&#8221;left&#8221;][vc_column_inner column_padding=&#8221;no-extra-padding&#8221; column_padding_tablet=&#8221;inherit&#8221; column_padding_phone=&#8221;inherit&#8221; column_padding_position=&#8221;all&#8221; centered_text=&#8221;true&#8221; background_color_opacity=&#8221;1&#8243; background_hover_color_opacity=&#8221;1&#8243; column_shadow=&#8221;none&#8221; column_border_radius=&#8221;none&#8221; column_link_target=&#8221;_self&#8221; gradient_direction=&#8221;left_to_right&#8221; overlay_strength=&#8221;0.3&#8243; width=&#8221;1\/1&#8243; tablet_width_inherit=&#8221;default&#8221; column_border_width=&#8221;none&#8221; column_border_style=&#8221;solid&#8221; bg_image_animation=&#8221;none&#8221;][vc_raw_html]JTNDZGl2JTIwY2xhc3MlM0QlMjJtdy0tNTAwJTIwY2VudGVyZWQlMjIlM0UlMEElM0NoMSUyMGNsYXNzJTNEJTIybXctLTUwMCUyMGNlbnRlcmVkJTIwbWItLTE1JTIyJTNFRmluYW5jZSUyMHlvdXIlMjBwcm9qZWN0JTIxJTNDJTJGaDElM0UlMEElM0NwJTIwY2xhc3MlM0QlMjJtdy01MDAlMjBjZW50ZXJlZCUyMHRyYW5zbHVjaWQtLTc1JTIyJTNFWW91JTIwd291bGQlMjBsaWtlJTIwdG8lMjBiZWNvbWUlMjBhJTIwcGFydG5lciUyMG9mJTIwU2VtbGV4JTIwRm9yJTIwRWR1Y2F0aW9uJTNGJTIwSWYlMjBzbyUyQyUyMHBsZWFzZSUyMGZpbGwlMjBvdXQlMjB0aGUlMjBmb3JtJTIwYmVsb3clMjElMjBPdXIlMjB0ZWFtJTIwd2lsbCUyMGdldCUyMGJhY2slMjB0byUyMHlvdSUyMGFzJTIwc29vbiUyMGFzJTIwcG9zc2libGUuJTNDJTJGcCUzRSUwQSUzQyUyRmRpdiUzRQ==[\/vc_raw_html][\/vc_column_inner][\/vc_row_inner][vc_row_inner column_margin=&#8221;default&#8221; column_direction=&#8221;default&#8221; column_direction_tablet=&#8221;default&#8221; column_direction_phone=&#8221;default&#8221; text_align=&#8221;left&#8221;][vc_column_inner column_padding=&#8221;no-extra-padding&#8221; column_padding_tablet=&#8221;inherit&#8221; column_padding_phone=&#8221;inherit&#8221; column_padding_position=&#8221;all&#8221; background_color_opacity=&#8221;1&#8243; background_hover_color_opacity=&#8221;1&#8243; column_shadow=&#8221;none&#8221; column_border_radius=&#8221;none&#8221; column_link_target=&#8221;_self&#8221; gradient_direction=&#8221;left_to_right&#8221; overlay_strength=&#8221;0.3&#8243; width=&#8221;1\/1&#8243; tablet_width_inherit=&#8221;default&#8221; column_border_width=&#8221;none&#8221; column_border_style=&#8221;solid&#8221; bg_image_animation=&#8221;none&#8221;][divider line_type=&#8221;No Line&#8221; custom_height=&#8221;30&#8243;][vc_raw_html]JTNDZGl2JTIwY2xhc3MlM0QlMjJtdy0tNjAwJTIwY2VudGVyZWQlMjIlM0UlMEElNUJjb250YWN0LWZvcm0tNyUyMGlkJTNEJTIyMzAzJTIyJTIwdGl0bGUlM0QlMjJBcHBsaWNhdGlvbiUyMEZvcm0lMjBFTiUyMiU1RCUwQSUzQyUyRmRpdiUzRQ==[\/vc_raw_html][\/vc_column_inner][\/vc_row_inner][\/vc_column][\/vc_row][vc_row type=&#8221;in_container&#8221; full_screen_row_position=&#8221;middle&#8221; column_margin=&#8221;default&#8221; column_direction=&#8221;default&#8221; column_direction_tablet=&#8221;default&#8221; column_direction_phone=&#8221;default&#8221; scene_position=&#8221;center&#8221; text_color=&#8221;dark&#8221; text_align=&#8221;left&#8221; row_border_radius=&#8221;none&#8221; row_border_radius_applies=&#8221;bg&#8221; overlay_strength=&#8221;0.3&#8243; gradient_direction=&#8221;left_to_right&#8221; shape_divider_position=&#8221;bottom&#8221; bg_image_animation=&#8221;none&#8221;][vc_column column_padding=&#8221;no-extra-padding&#8221; column_padding_tablet=&#8221;inherit&#8221; column_padding_phone=&#8221;inherit&#8221; column_padding_position=&#8221;all&#8221; background_color_opacity=&#8221;1&#8243; background_hover_color_opacity=&#8221;1&#8243; column_shadow=&#8221;none&#8221; column_border_radius=&#8221;none&#8221; column_link_target=&#8221;_self&#8221; gradient_direction=&#8221;left_to_right&#8221; overlay_strength=&#8221;0.3&#8243; width=&#8221;1\/1&#8243; tablet_width_inherit=&#8221;default&#8221; tablet_text_alignment=&#8221;default&#8221; phone_text_alignment=&#8221;default&#8221; column_border_width=&#8221;none&#8221; column_border_style=&#8221;solid&#8221; bg_image_animation=&#8221;none&#8221;][divider line_type=&#8221;No Line&#8221; custom_height=&#8221;50&#8243;][\/vc_column][\/vc_row]\n","protected":false},"excerpt":{"rendered":"<p>[vc_row type=&#8221;in_container&#8221; full_screen_row_position=&#8221;middle&#8221; column_margin=&#8221;default&#8221; column_direction=&#8221;default&#8221; column_direction_tablet=&#8221;default&#8221; column_direction_phone=&#8221;default&#8221; bg_color=&#8221;#4daadf&#8221; scene_position=&#8221;center&#8221; text_color=&#8221;light&#8221; text_align=&#8221;left&#8221; row_border_radius=&#8221;20px&#8221; row_border_radius_applies=&#8221;bg&#8221; class=&#8221;basic-section&#8221; overlay_strength=&#8221;0.3&#8243; gradient_direction=&#8221;left_to_right&#8221; shape_divider_position=&#8221;bottom&#8221; bg_image_animation=&#8221;none&#8221; shape_type=&#8221;&#8221;][vc_column column_padding=&#8221;no-extra-padding&#8221; column_padding_tablet=&#8221;inherit&#8221; column_padding_phone=&#8221;inherit&#8221; column_padding_position=&#8221;all&#8221; background_color_opacity=&#8221;1&#8243; background_hover_color_opacity=&#8221;1&#8243; column_shadow=&#8221;none&#8221; column_border_radius=&#8221;none&#8221; column_link_target=&#8221;_self&#8221; gradient_direction=&#8221;left_to_right&#8221; overlay_strength=&#8221;0.3&#8243;&#8230;<\/p>\n","protected":false},"author":4,"featured_media":0,"parent":0,"menu_order":0,"comment_status":"closed","ping_status":"closed","template":"","meta":{"footnotes":""},"class_list":["post-302","page","type-page","status-publish"],"yoast_head":"<!-- This site is optimized with the Yoast SEO plugin v27.3 - https:\/\/yoast.com\/product\/yoast-seo-wordpress\/ -->\n<title>Application &#8211; Semlex For Education<\/title>\n<meta name=\"robots\" content=\"index, follow, max-snippet:-1, max-image-preview:large, max-video-preview:-1\" \/>\n<link rel=\"canonical\" href=\"https:\/\/semlexforeducation.com\/en\/application\/\" \/>\n<meta property=\"og:locale\" content=\"en_US\" \/>\n<meta property=\"og:type\" content=\"article\" \/>\n<meta property=\"og:title\" content=\"Application &#8211; Semlex For Education\" \/>\n<meta property=\"og:description\" content=\"[vc_row type=&#8221;in_container&#8221; full_screen_row_position=&#8221;middle&#8221; column_margin=&#8221;default&#8221; column_direction=&#8221;default&#8221; column_direction_tablet=&#8221;default&#8221; column_direction_phone=&#8221;default&#8221; bg_color=&#8221;#4daadf&#8221; scene_position=&#8221;center&#8221; text_color=&#8221;light&#8221; text_align=&#8221;left&#8221; row_border_radius=&#8221;20px&#8221; row_border_radius_applies=&#8221;bg&#8221; class=&#8221;basic-section&#8221; overlay_strength=&#8221;0.3&#8243; gradient_direction=&#8221;left_to_right&#8221; shape_divider_position=&#8221;bottom&#8221; bg_image_animation=&#8221;none&#8221; shape_type=&#8221;&#8221;][vc_column column_padding=&#8221;no-extra-padding&#8221; column_padding_tablet=&#8221;inherit&#8221; column_padding_phone=&#8221;inherit&#8221; column_padding_position=&#8221;all&#8221; background_color_opacity=&#8221;1&#8243; background_hover_color_opacity=&#8221;1&#8243; column_shadow=&#8221;none&#8221; column_border_radius=&#8221;none&#8221; column_link_target=&#8221;_self&#8221; gradient_direction=&#8221;left_to_right&#8221; overlay_strength=&#8221;0.3&#8243;...\" \/>\n<meta property=\"og:url\" content=\"https:\/\/semlexforeducation.com\/en\/application\/\" \/>\n<meta property=\"og:site_name\" content=\"Semlex For Education\" \/>\n<meta property=\"article:publisher\" content=\"https:\/\/www.facebook.com\/Semlex4Education\/\" \/>\n<meta property=\"article:modified_time\" content=\"2021-03-13T15:27:14+00:00\" \/>\n<meta property=\"og:image\" content=\"https:\/\/semlexforeducation.com\/wp-content\/uploads\/2021\/02\/facebook-yoast.jpg\" \/>\n\t<meta property=\"og:image:width\" content=\"2460\" \/>\n\t<meta property=\"og:image:height\" content=\"1260\" \/>\n\t<meta property=\"og:image:type\" content=\"image\/jpeg\" \/>\n<meta name=\"twitter:card\" content=\"summary_large_image\" \/>\n<meta name=\"twitter:label1\" content=\"Est. reading time\" \/>\n\t<meta name=\"twitter:data1\" content=\"1 minute\" \/>\n<script type=\"application\/ld+json\" class=\"yoast-schema-graph\">{\"@context\":\"https:\\\/\\\/schema.org\",\"@graph\":[{\"@type\":\"WebPage\",\"@id\":\"https:\\\/\\\/semlexforeducation.com\\\/en\\\/application\\\/\",\"url\":\"https:\\\/\\\/semlexforeducation.com\\\/en\\\/application\\\/\",\"name\":\"Application &#8211; Semlex For Education\",\"isPartOf\":{\"@id\":\"https:\\\/\\\/semlexforeducation.com\\\/en\\\/#website\"},\"datePublished\":\"2021-03-13T15:21:58+00:00\",\"dateModified\":\"2021-03-13T15:27:14+00:00\",\"breadcrumb\":{\"@id\":\"https:\\\/\\\/semlexforeducation.com\\\/en\\\/application\\\/#breadcrumb\"},\"inLanguage\":\"en-US\",\"potentialAction\":[{\"@type\":\"ReadAction\",\"target\":[\"https:\\\/\\\/semlexforeducation.com\\\/en\\\/application\\\/\"]}]},{\"@type\":\"BreadcrumbList\",\"@id\":\"https:\\\/\\\/semlexforeducation.com\\\/en\\\/application\\\/#breadcrumb\",\"itemListElement\":[{\"@type\":\"ListItem\",\"position\":1,\"name\":\"Home\",\"item\":\"https:\\\/\\\/semlexforeducation.com\\\/en\\\/\"},{\"@type\":\"ListItem\",\"position\":2,\"name\":\"Application\"}]},{\"@type\":\"WebSite\",\"@id\":\"https:\\\/\\\/semlexforeducation.com\\\/en\\\/#website\",\"url\":\"https:\\\/\\\/semlexforeducation.com\\\/en\\\/\",\"name\":\"Semlex For Education\",\"description\":\"Nous r\u00e9duisons les in\u00e9galit\u00e9s socio-\u00e9conomiques en supportant l\u2019\u00e9ducation scolaire et professionnelle.\",\"publisher\":{\"@id\":\"https:\\\/\\\/semlexforeducation.com\\\/en\\\/#organization\"},\"potentialAction\":[{\"@type\":\"SearchAction\",\"target\":{\"@type\":\"EntryPoint\",\"urlTemplate\":\"https:\\\/\\\/semlexforeducation.com\\\/en\\\/?s={search_term_string}\"},\"query-input\":{\"@type\":\"PropertyValueSpecification\",\"valueRequired\":true,\"valueName\":\"search_term_string\"}}],\"inLanguage\":\"en-US\"},{\"@type\":\"Organization\",\"@id\":\"https:\\\/\\\/semlexforeducation.com\\\/en\\\/#organization\",\"name\":\"Semlex For Education\",\"url\":\"https:\\\/\\\/semlexforeducation.com\\\/en\\\/\",\"logo\":{\"@type\":\"ImageObject\",\"inLanguage\":\"en-US\",\"@id\":\"https:\\\/\\\/semlexforeducation.com\\\/en\\\/#\\\/schema\\\/logo\\\/image\\\/\",\"url\":\"https:\\\/\\\/semlexforeducation.com\\\/wp-content\\\/uploads\\\/2021\\\/02\\\/semlex-logo-colored.svg\",\"contentUrl\":\"https:\\\/\\\/semlexforeducation.com\\\/wp-content\\\/uploads\\\/2021\\\/02\\\/semlex-logo-colored.svg\",\"width\":1,\"height\":1,\"caption\":\"Semlex For Education\"},\"image\":{\"@id\":\"https:\\\/\\\/semlexforeducation.com\\\/en\\\/#\\\/schema\\\/logo\\\/image\\\/\"},\"sameAs\":[\"https:\\\/\\\/www.facebook.com\\\/Semlex4Education\\\/\",\"https:\\\/\\\/www.instagram.com\\\/Semlex4Education\\\/\",\"https:\\\/\\\/www.linkedin.com\\\/company\\\/75743300\"]}]}<\/script>\n<!-- \/ Yoast SEO plugin. -->","yoast_head_json":{"title":"Application &#8211; Semlex For Education","robots":{"index":"index","follow":"follow","max-snippet":"max-snippet:-1","max-image-preview":"max-image-preview:large","max-video-preview":"max-video-preview:-1"},"canonical":"https:\/\/semlexforeducation.com\/en\/application\/","og_locale":"en_US","og_type":"article","og_title":"Application &#8211; Semlex For Education","og_description":"[vc_row type=&#8221;in_container&#8221; full_screen_row_position=&#8221;middle&#8221; column_margin=&#8221;default&#8221; column_direction=&#8221;default&#8221; column_direction_tablet=&#8221;default&#8221; column_direction_phone=&#8221;default&#8221; bg_color=&#8221;#4daadf&#8221; scene_position=&#8221;center&#8221; text_color=&#8221;light&#8221; text_align=&#8221;left&#8221; row_border_radius=&#8221;20px&#8221; row_border_radius_applies=&#8221;bg&#8221; class=&#8221;basic-section&#8221; overlay_strength=&#8221;0.3&#8243; gradient_direction=&#8221;left_to_right&#8221; shape_divider_position=&#8221;bottom&#8221; bg_image_animation=&#8221;none&#8221; shape_type=&#8221;&#8221;][vc_column column_padding=&#8221;no-extra-padding&#8221; column_padding_tablet=&#8221;inherit&#8221; column_padding_phone=&#8221;inherit&#8221; column_padding_position=&#8221;all&#8221; background_color_opacity=&#8221;1&#8243; background_hover_color_opacity=&#8221;1&#8243; column_shadow=&#8221;none&#8221; column_border_radius=&#8221;none&#8221; column_link_target=&#8221;_self&#8221; gradient_direction=&#8221;left_to_right&#8221; overlay_strength=&#8221;0.3&#8243;...","og_url":"https:\/\/semlexforeducation.com\/en\/application\/","og_site_name":"Semlex For Education","article_publisher":"https:\/\/www.facebook.com\/Semlex4Education\/","article_modified_time":"2021-03-13T15:27:14+00:00","og_image":[{"width":2460,"height":1260,"url":"https:\/\/semlexforeducation.com\/wp-content\/uploads\/2021\/02\/facebook-yoast.jpg","type":"image\/jpeg"}],"twitter_card":"summary_large_image","twitter_misc":{"Est. reading time":"1 minute"},"schema":{"@context":"https:\/\/schema.org","@graph":[{"@type":"WebPage","@id":"https:\/\/semlexforeducation.com\/en\/application\/","url":"https:\/\/semlexforeducation.com\/en\/application\/","name":"Application &#8211; Semlex For Education","isPartOf":{"@id":"https:\/\/semlexforeducation.com\/en\/#website"},"datePublished":"2021-03-13T15:21:58+00:00","dateModified":"2021-03-13T15:27:14+00:00","breadcrumb":{"@id":"https:\/\/semlexforeducation.com\/en\/application\/#breadcrumb"},"inLanguage":"en-US","potentialAction":[{"@type":"ReadAction","target":["https:\/\/semlexforeducation.com\/en\/application\/"]}]},{"@type":"BreadcrumbList","@id":"https:\/\/semlexforeducation.com\/en\/application\/#breadcrumb","itemListElement":[{"@type":"ListItem","position":1,"name":"Home","item":"https:\/\/semlexforeducation.com\/en\/"},{"@type":"ListItem","position":2,"name":"Application"}]},{"@type":"WebSite","@id":"https:\/\/semlexforeducation.com\/en\/#website","url":"https:\/\/semlexforeducation.com\/en\/","name":"Semlex For Education","description":"Nous r\u00e9duisons les in\u00e9galit\u00e9s socio-\u00e9conomiques en supportant l\u2019\u00e9ducation scolaire et professionnelle.","publisher":{"@id":"https:\/\/semlexforeducation.com\/en\/#organization"},"potentialAction":[{"@type":"SearchAction","target":{"@type":"EntryPoint","urlTemplate":"https:\/\/semlexforeducation.com\/en\/?s={search_term_string}"},"query-input":{"@type":"PropertyValueSpecification","valueRequired":true,"valueName":"search_term_string"}}],"inLanguage":"en-US"},{"@type":"Organization","@id":"https:\/\/semlexforeducation.com\/en\/#organization","name":"Semlex For Education","url":"https:\/\/semlexforeducation.com\/en\/","logo":{"@type":"ImageObject","inLanguage":"en-US","@id":"https:\/\/semlexforeducation.com\/en\/#\/schema\/logo\/image\/","url":"https:\/\/semlexforeducation.com\/wp-content\/uploads\/2021\/02\/semlex-logo-colored.svg","contentUrl":"https:\/\/semlexforeducation.com\/wp-content\/uploads\/2021\/02\/semlex-logo-colored.svg","width":1,"height":1,"caption":"Semlex For Education"},"image":{"@id":"https:\/\/semlexforeducation.com\/en\/#\/schema\/logo\/image\/"},"sameAs":["https:\/\/www.facebook.com\/Semlex4Education\/","https:\/\/www.instagram.com\/Semlex4Education\/","https:\/\/www.linkedin.com\/company\/75743300"]}]}},"_links":{"self":[{"href":"https:\/\/semlexforeducation.com\/en\/wp-json\/wp\/v2\/pages\/302","targetHints":{"allow":["GET"]}}],"collection":[{"href":"https:\/\/semlexforeducation.com\/en\/wp-json\/wp\/v2\/pages"}],"about":[{"href":"https:\/\/semlexforeducation.com\/en\/wp-json\/wp\/v2\/types\/page"}],"author":[{"embeddable":true,"href":"https:\/\/semlexforeducation.com\/en\/wp-json\/wp\/v2\/users\/4"}],"replies":[{"embeddable":true,"href":"https:\/\/semlexforeducation.com\/en\/wp-json\/wp\/v2\/comments?post=302"}],"version-history":[{"count":0,"href":"https:\/\/semlexforeducation.com\/en\/wp-json\/wp\/v2\/pages\/302\/revisions"}],"wp:attachment":[{"href":"https:\/\/semlexforeducation.com\/en\/wp-json\/wp\/v2\/media?parent=302"}],"curies":[{"name":"wp","href":"https:\/\/api.w.org\/{rel}","templated":true}]}}